{"id":8,"date":"2025-03-20T09:59:34","date_gmt":"2025-03-20T09:59:34","guid":{"rendered":"https:\/\/anodye.pl\/cart\/"},"modified":"2025-06-26T15:11:41","modified_gmt":"2025-06-26T15:11:41","slug":"koszyk","status":"publish","type":"page","link":"https:\/\/anodye.pl\/?page_id=8","title":{"rendered":"Koszyk"},"content":{"rendered":"<div class=\"woocommerce\"><div class=\"woocommerce-notices-wrapper\">\n<ul class=\"woocommerce-error\" role=\"alert\">\n\t\t\t<li>\n\t\t\tMinimalna kwota zam\u00f3wienia to <span class=\"woocommerce-Price-amount amount\">300,00&nbsp;<span class=\"woocommerce-Price-currencySymbol\">&#122;&#322;<\/span><\/span>. Dodaj wi\u0119cej produkt\u00f3w, aby kontynuowa\u0107.\t\t<\/li>\n\t<\/ul>\n<\/div><div class=\"wc-empty-cart-message\">\n\t<div class=\"cart-empty woocommerce-info\">\n\t\tTw\u00f3j koszyk aktualnie jest pusty.\t<\/div>\n<\/div>\t<p class=\"return-to-shop\">\n\t\t<a class=\"button wc-backward\" href=\"https:\/\/anodye.pl\/?page_id=7\">\n\t\t\tWr\u00f3\u0107 do sklepu\t\t<\/a>\n\t<\/p>\n<\/div>\n<p>&nbsp;<\/p>\n","protected":false},"excerpt":{"rendered":"<p>&nbsp;<\/p>\n","protected":false},"author":1,"featured_media":0,"parent":0,"menu_order":0,"comment_status":"closed","ping_status":"closed","template":"","meta":{"_acf_changed":false,"footnotes":""},"class_list":["post-8","page","type-page","status-publish","hentry"],"acf":[],"_links":{"self":[{"href":"https:\/\/anodye.pl\/index.php?rest_route=\/wp\/v2\/pages\/8","targetHints":{"allow":["GET"]}}],"collection":[{"href":"https:\/\/anodye.pl\/index.php?rest_route=\/wp\/v2\/pages"}],"about":[{"href":"https:\/\/anodye.pl\/index.php?rest_route=\/wp\/v2\/types\/page"}],"author":[{"embeddable":true,"href":"https:\/\/anodye.pl\/index.php?rest_route=\/wp\/v2\/users\/1"}],"replies":[{"embeddable":true,"href":"https:\/\/anodye.pl\/index.php?rest_route=%2Fwp%2Fv2%2Fcomments&post=8"}],"version-history":[{"count":1,"href":"https:\/\/anodye.pl\/index.php?rest_route=\/wp\/v2\/pages\/8\/revisions"}],"predecessor-version":[{"id":274,"href":"https:\/\/anodye.pl\/index.php?rest_route=\/wp\/v2\/pages\/8\/revisions\/274"}],"wp:attachment":[{"href":"https:\/\/anodye.pl\/index.php?rest_route=%2Fwp%2Fv2%2Fmedia&parent=8"}],"curies":[{"name":"wp","href":"https:\/\/api.w.org\/{rel}","templated":true}]}}