{"id":79,"date":"2025-05-20T12:21:06","date_gmt":"2025-05-20T12:21:06","guid":{"rendered":"https:\/\/anodye.pl\/?page_id=79"},"modified":"2025-06-01T10:16:13","modified_gmt":"2025-06-01T10:16:13","slug":"kontakt","status":"publish","type":"page","link":"https:\/\/anodye.pl\/?page_id=79","title":{"rendered":"Kontakt"},"content":{"rendered":"<p>Dla szybkiej wyceny skorzystaj z kreatora (link do kreatora). Je\u015bli masz inne pytanie lub bardziej personalizowane zam\u00f3wienie skorzystaj z formularza poni\u017cej.<\/p>\n<ul>\n<li><i class=\"icon icon-people\"><\/i><br \/>\n<strong>Nazwa firmy<\/strong><br \/>\nPrzyk\u0142adowe dane firmy<\/li>\n<li><i class=\"icon icon-address-2\"><\/i><br \/>\n<strong>Adres<\/strong><br \/>\nul.Nazwa Ulicy 12, 00-000 Miasto<\/li>\n<li><i class=\"icon icon-phone-2\"><\/i><br \/>\n<strong>Telefon<\/strong><br \/>\n<a href=\"tel:+&#48;&#48;0000&#48;&#48;\">+&#48;0&#32;&#48;&#48;0&#32;0&#48;&#48;<\/a><\/li>\n<li><i class=\"icon icon-envelope\"><\/i><br \/>\n<strong>E-mail<\/strong><br \/>\n<a href=\"mailto:&#107;&#111;&#110;t&#97;&#107;&#116;&#64;e&#109;&#97;il&#46;&#99;&#111;&#109;\">k&#111;nt&#97;&#107;&#116;&#64;em&#97;&#105;&#108;&#46;com<\/a><\/li>\n<\/ul>\n","protected":false},"excerpt":{"rendered":"<p>Dla szybkiej wyceny skorzystaj z kreatora (link do kreatora). Je\u015bli masz inne pytanie lub bardziej personalizowane zam\u00f3wienie skorzystaj z formularza poni\u017cej. Nazwa firmy Przyk\u0142adowe dane firmy Adres ul.Nazwa Ulicy 12, 00-000 Miasto Telefon E-mail<\/p>\n","protected":false},"author":1,"featured_media":0,"parent":0,"menu_order":0,"comment_status":"closed","ping_status":"closed","template":"tpl-contact.php","meta":{"_acf_changed":false,"footnotes":""},"class_list":["post-79","page","type-page","status-publish","hentry"],"acf":[],"_links":{"self":[{"href":"https:\/\/anodye.pl\/index.php?rest_route=\/wp\/v2\/pages\/79","targetHints":{"allow":["GET"]}}],"collection":[{"href":"https:\/\/anodye.pl\/index.php?rest_route=\/wp\/v2\/pages"}],"about":[{"href":"https:\/\/anodye.pl\/index.php?rest_route=\/wp\/v2\/types\/page"}],"author":[{"embeddable":true,"href":"https:\/\/anodye.pl\/index.php?rest_route=\/wp\/v2\/users\/1"}],"replies":[{"embeddable":true,"href":"https:\/\/anodye.pl\/index.php?rest_route=%2Fwp%2Fv2%2Fcomments&post=79"}],"version-history":[{"count":0,"href":"https:\/\/anodye.pl\/index.php?rest_route=\/wp\/v2\/pages\/79\/revisions"}],"wp:attachment":[{"href":"https:\/\/anodye.pl\/index.php?rest_route=%2Fwp%2Fv2%2Fmedia&parent=79"}],"curies":[{"name":"wp","href":"https:\/\/api.w.org\/{rel}","templated":true}]}}